{"id":75,"date":"2015-09-10T15:35:40","date_gmt":"2015-09-10T13:35:40","guid":{"rendered":"http:\/\/wordpress.jahnke-systemtechnik.de\/?page_id=75"},"modified":"2024-11-14T13:17:38","modified_gmt":"2024-11-14T11:17:38","slug":"impressum","status":"publish","type":"page","link":"https:\/\/jahnke-systemtechnik.de\/?page_id=75","title":{"rendered":"Impressum"},"content":{"rendered":"<table border=\"0\" cellspacing=\"1\" cellpadding=\"1\" align=\"left\">\n<tbody>\n<tr>\n<td><span class=\"header\">Jahnke Systemtechnik<br \/>\n<\/span><span class=\"header\">Ingenieurb\u00fcro f\u00fcr IT-Dienstleistungen<br \/>\n<\/span><span class=\"header\">Dipl.-Ing. Ralf Jahnke<\/span><\/p>\n<ul>\n<li>Gro\u00dfes Moor 7<\/li>\n<li>21382 Brietlingen<\/li>\n<li>Telefon: 0049-4133-5181654<\/li>\n<li>Telefax: 0049-4133-5181653<\/li>\n<li>E-Mail:\u00a0 <a href=\"mailto:info@jahnke-systemtechnik.de?subject=Kontakt%20ueber%20WebSite\">info[at]jahnke-systemtechnik.de<\/a><\/li>\n<li>Internet: www.jahnke-systemtechnik.de<\/li>\n<li>Steuernummer 33\/120\/06513 Finanzamt L\u00fcneburg<\/li>\n<\/ul>\n<p>Inhaltlich Verantwortlicher gem\u00e4ss \u00a7 6 MDStV: Dipl.-Ing. Ralf Jahnke<br \/>\nHaftungshinweis: Trotz sorgf\u00e4ltiger inhaltlicher Kontrolle \u00fcbernehmen wir\u00a0 keine Haftung f\u00fcr die Inhalte externer Links. F\u00fcr den Inhalt der verlinkten Seiten sind ausschliesslich deren Betreiber verantwortlich.<\/td>\n<\/tr>\n<\/tbody>\n<\/table>\n","protected":false},"excerpt":{"rendered":"<p>Jahnke Systemtechnik Ingenieurb\u00fcro f\u00fcr IT-Dienstleistungen Dipl.-Ing. Ralf Jahnke Gro\u00dfes Moor 7 21382 Brietlingen Telefon: 0049-4133-5181654 Telefax: 0049-4133-5181653 E-Mail:\u00a0 info[at]jahnke-systemtechnik.de Internet: www.jahnke-systemtechnik.de Steuernummer 33\/120\/06513 Finanzamt L\u00fcneburg Inhaltlich Verantwortlicher gem\u00e4ss \u00a7 6 MDStV: Dipl.-Ing. Ralf Jahnke Haftungshinweis: Trotz sorgf\u00e4ltiger inhaltlicher Kontrolle \u00fcbernehmen wir\u00a0 keine Haftung f\u00fcr die Inhalte externer Links. F\u00fcr den Inhalt der verlinkten Seiten sind [&hellip;]<\/p>\n","protected":false},"author":1,"featured_media":0,"parent":28,"menu_order":0,"comment_status":"closed","ping_status":"closed","template":"","meta":[],"_links":{"self":[{"href":"https:\/\/jahnke-systemtechnik.de\/index.php?rest_route=\/wp\/v2\/pages\/75"}],"collection":[{"href":"https:\/\/jahnke-systemtechnik.de\/index.php?rest_route=\/wp\/v2\/pages"}],"about":[{"href":"https:\/\/jahnke-systemtechnik.de\/index.php?rest_route=\/wp\/v2\/types\/page"}],"author":[{"embeddable":true,"href":"https:\/\/jahnke-systemtechnik.de\/index.php?rest_route=\/wp\/v2\/users\/1"}],"replies":[{"embeddable":true,"href":"https:\/\/jahnke-systemtechnik.de\/index.php?rest_route=%2Fwp%2Fv2%2Fcomments&post=75"}],"version-history":[{"count":14,"href":"https:\/\/jahnke-systemtechnik.de\/index.php?rest_route=\/wp\/v2\/pages\/75\/revisions"}],"predecessor-version":[{"id":175,"href":"https:\/\/jahnke-systemtechnik.de\/index.php?rest_route=\/wp\/v2\/pages\/75\/revisions\/175"}],"up":[{"embeddable":true,"href":"https:\/\/jahnke-systemtechnik.de\/index.php?rest_route=\/wp\/v2\/pages\/28"}],"wp:attachment":[{"href":"https:\/\/jahnke-systemtechnik.de\/index.php?rest_route=%2Fwp%2Fv2%2Fmedia&parent=75"}],"curies":[{"name":"wp","href":"https:\/\/api.w.org\/{rel}","templated":true}]}}