{"id":49,"date":"2015-09-10T14:56:52","date_gmt":"2015-09-10T12:56:52","guid":{"rendered":"http:\/\/wordpress.jahnke-systemtechnik.de\/?page_id=49"},"modified":"2024-11-14T13:13:55","modified_gmt":"2024-11-14T11:13:55","slug":"web-design","status":"publish","type":"page","link":"https:\/\/jahnke-systemtechnik.de\/?page_id=49","title":{"rendered":"Web-Design"},"content":{"rendered":"<h2>Ihr Unternehmen im Internet<\/h2>\n<table border=\"0\" cellspacing=\"1\" cellpadding=\"1\" align=\"left\">\n<tbody>\n<tr>\n<td>Das Internet ist aus dem t\u00e4glichen Leben nicht mehr wegzudenken.Nirgendwo anders ist es m\u00f6glich, auf so viele Informationen unterschiedlicher Art zuzugreifen. Durch Suchmaschinen ist es m\u00f6glich, zu jedem Thema die passenden Seiten zu finden.<\/p>\n<h2><\/h2>\n<p>Die Pr\u00e4senz eines Unternehmens im Internet ist unverzichtbar. Auf der firmeneigenen WebSite kann man kosteng\u00fcnstig werben, informieren oder sogar einen virtuellen Shop einrichten.<\/p>\n<p>Das Internet bietet Ihrem Unternehmen die M\u00f6glichkeit sich einem st\u00e4ndig wachsenden Publikum effektiv zu pr\u00e4sentieren. Der Kunde trifft seine Kaufentscheidung oder informiert sich \u00fcber Dienstleistungen am PC.<\/p>\n<p>Wir gestalten Ihren Internetauftritt exakt auf Ihre Bed\u00fcrfnisse zugeschnitten. Auch um das Aktualisieren der Seiten und alle notwendigen technischen Details k\u00fcmmern wir uns.<\/p>\n<p><u>Dienstleistungen im \u00dcberblick:<\/u><\/p>\n<ul>\n<li>Beratung und Entwurf von\u00a0 Internet-Pr\u00e4sentationen<\/li>\n<li>grafischer Arbeiten<\/li>\n<li>Upload auf Ihren Server<\/li>\n<li>Betreuung ihrer Internet-Pr\u00e4sentationen<\/li>\n<li>Eintrag in den bekanntesten Suchmaschinen<\/li>\n<li>Einscannen ihrer Grafiken und Bearbeitung<\/li>\n<li>Einscannen ihrer Fotos und Bearbeitung<\/li>\n<\/ul>\n<\/td>\n<\/tr>\n<\/tbody>\n<\/table>\n","protected":false},"excerpt":{"rendered":"<p>Ihr Unternehmen im Internet Das Internet ist aus dem t\u00e4glichen Leben nicht mehr wegzudenken.Nirgendwo anders ist es m\u00f6glich, auf so viele Informationen unterschiedlicher Art zuzugreifen. Durch Suchmaschinen ist es m\u00f6glich, zu jedem Thema die passenden Seiten zu finden. Die Pr\u00e4senz eines Unternehmens im Internet ist unverzichtbar. Auf der firmeneigenen WebSite kann man kosteng\u00fcnstig werben, informieren [&hellip;]<\/p>\n","protected":false},"author":1,"featured_media":0,"parent":43,"menu_order":0,"comment_status":"closed","ping_status":"closed","template":"","meta":[],"_links":{"self":[{"href":"https:\/\/jahnke-systemtechnik.de\/index.php?rest_route=\/wp\/v2\/pages\/49"}],"collection":[{"href":"https:\/\/jahnke-systemtechnik.de\/index.php?rest_route=\/wp\/v2\/pages"}],"about":[{"href":"https:\/\/jahnke-systemtechnik.de\/index.php?rest_route=\/wp\/v2\/types\/page"}],"author":[{"embeddable":true,"href":"https:\/\/jahnke-systemtechnik.de\/index.php?rest_route=\/wp\/v2\/users\/1"}],"replies":[{"embeddable":true,"href":"https:\/\/jahnke-systemtechnik.de\/index.php?rest_route=%2Fwp%2Fv2%2Fcomments&post=49"}],"version-history":[{"count":9,"href":"https:\/\/jahnke-systemtechnik.de\/index.php?rest_route=\/wp\/v2\/pages\/49\/revisions"}],"predecessor-version":[{"id":172,"href":"https:\/\/jahnke-systemtechnik.de\/index.php?rest_route=\/wp\/v2\/pages\/49\/revisions\/172"}],"up":[{"embeddable":true,"href":"https:\/\/jahnke-systemtechnik.de\/index.php?rest_route=\/wp\/v2\/pages\/43"}],"wp:attachment":[{"href":"https:\/\/jahnke-systemtechnik.de\/index.php?rest_route=%2Fwp%2Fv2%2Fmedia&parent=49"}],"curies":[{"name":"wp","href":"https:\/\/api.w.org\/{rel}","templated":true}]}}