{"id":47,"date":"2015-09-10T14:56:11","date_gmt":"2015-09-10T12:56:11","guid":{"rendered":"http:\/\/wordpress.jahnke-systemtechnik.de\/?page_id=47"},"modified":"2024-11-14T13:14:55","modified_gmt":"2024-11-14T11:14:55","slug":"it-betreuung","status":"publish","type":"page","link":"https:\/\/jahnke-systemtechnik.de\/?page_id=47","title":{"rendered":"IT-Betreuung"},"content":{"rendered":"<h2>Ein EDV-Administrator f\u00fcr Ihr Netzwerk<\/h2>\n<table border=\"0\" cellspacing=\"1\" cellpadding=\"1\">\n<tbody>\n<tr>\n<td>Wir stellen einen Administrator f\u00fcr Ihre EDV-Anlage.<br \/>\nDieser handelt gegen\u00fcber Lieferanten und Softwareh\u00e4usern, als ob er bei Ihnen angestellt w\u00e4re.<\/p>\n<p>Er wartet und betreut Ihr Netzwerk, installiert neue Hard- und Software, hilft bei Bedienungsproblemen und ist im St\u00f6rungsfall schnell erreichbar.<\/p>\n<p>Diese Dienstleistung erhalten Sie mit Pauschal- oder Bedarfsabrechnung.<\/td>\n<\/tr>\n<\/tbody>\n<\/table>\n","protected":false},"excerpt":{"rendered":"<p>Ein EDV-Administrator f\u00fcr Ihr Netzwerk Wir stellen einen Administrator f\u00fcr Ihre EDV-Anlage. Dieser handelt gegen\u00fcber Lieferanten und Softwareh\u00e4usern, als ob er bei Ihnen angestellt w\u00e4re. Er wartet und betreut Ihr Netzwerk, installiert neue Hard- und Software, hilft bei Bedienungsproblemen und ist im St\u00f6rungsfall schnell erreichbar. Diese Dienstleistung erhalten Sie mit Pauschal- oder Bedarfsabrechnung.<\/p>\n","protected":false},"author":1,"featured_media":0,"parent":43,"menu_order":0,"comment_status":"closed","ping_status":"closed","template":"","meta":[],"_links":{"self":[{"href":"https:\/\/jahnke-systemtechnik.de\/index.php?rest_route=\/wp\/v2\/pages\/47"}],"collection":[{"href":"https:\/\/jahnke-systemtechnik.de\/index.php?rest_route=\/wp\/v2\/pages"}],"about":[{"href":"https:\/\/jahnke-systemtechnik.de\/index.php?rest_route=\/wp\/v2\/types\/page"}],"author":[{"embeddable":true,"href":"https:\/\/jahnke-systemtechnik.de\/index.php?rest_route=\/wp\/v2\/users\/1"}],"replies":[{"embeddable":true,"href":"https:\/\/jahnke-systemtechnik.de\/index.php?rest_route=%2Fwp%2Fv2%2Fcomments&post=47"}],"version-history":[{"count":6,"href":"https:\/\/jahnke-systemtechnik.de\/index.php?rest_route=\/wp\/v2\/pages\/47\/revisions"}],"predecessor-version":[{"id":173,"href":"https:\/\/jahnke-systemtechnik.de\/index.php?rest_route=\/wp\/v2\/pages\/47\/revisions\/173"}],"up":[{"embeddable":true,"href":"https:\/\/jahnke-systemtechnik.de\/index.php?rest_route=\/wp\/v2\/pages\/43"}],"wp:attachment":[{"href":"https:\/\/jahnke-systemtechnik.de\/index.php?rest_route=%2Fwp%2Fv2%2Fmedia&parent=47"}],"curies":[{"name":"wp","href":"https:\/\/api.w.org\/{rel}","templated":true}]}}