{"id":43,"date":"2015-09-10T14:53:54","date_gmt":"2015-09-10T12:53:54","guid":{"rendered":"http:\/\/wordpress.jahnke-systemtechnik.de\/?page_id=43"},"modified":"2024-11-14T13:18:42","modified_gmt":"2024-11-14T11:18:42","slug":"dienstleistungen","status":"publish","type":"page","link":"https:\/\/jahnke-systemtechnik.de\/?page_id=43","title":{"rendered":"Dienstleistungen"},"content":{"rendered":"<p>Unsere Dienstleistungen werden ganz individuell auf den Kunden abgestimmt. Sie gliedern sich grunds\u00e4tzlich in drei gro\u00dfe Bereiche:<\/p>\n<ul>\n<li>Consulting &#8211; Sie erhalten hersteller- und anbieterunabh\u00e4ngige Beratungsdienstleistungen f\u00fcr Ihr lokales Netzwerk<\/li>\n<\/ul>\n<ul>\n<li>Betreuung &#8211; ein Netzwerkadministrator steht Ihnen und Ihrem Netzwerk f\u00fcr alle anfallenden Aufgaben zur Seite<\/li>\n<\/ul>\n<ul>\n<li>WebDesign &#8211; Ihr Internetauftritt ist das Aush\u00e4ngeschild Ihres Unternehmens. Wir unterst\u00fctzen Sie dabei, ihn optimal zu gestalten<\/li>\n<\/ul>\n","protected":false},"excerpt":{"rendered":"<p>Unsere Dienstleistungen werden ganz individuell auf den Kunden abgestimmt. Sie gliedern sich grunds\u00e4tzlich in drei gro\u00dfe Bereiche: Consulting &#8211; Sie erhalten hersteller- und anbieterunabh\u00e4ngige Beratungsdienstleistungen f\u00fcr Ihr lokales Netzwerk Betreuung &#8211; ein Netzwerkadministrator steht Ihnen und Ihrem Netzwerk f\u00fcr alle anfallenden Aufgaben zur Seite WebDesign &#8211; Ihr Internetauftritt ist das Aush\u00e4ngeschild Ihres Unternehmens. Wir unterst\u00fctzen [&hellip;]<\/p>\n","protected":false},"author":1,"featured_media":0,"parent":0,"menu_order":0,"comment_status":"closed","ping_status":"closed","template":"","meta":[],"_links":{"self":[{"href":"https:\/\/jahnke-systemtechnik.de\/index.php?rest_route=\/wp\/v2\/pages\/43"}],"collection":[{"href":"https:\/\/jahnke-systemtechnik.de\/index.php?rest_route=\/wp\/v2\/pages"}],"about":[{"href":"https:\/\/jahnke-systemtechnik.de\/index.php?rest_route=\/wp\/v2\/types\/page"}],"author":[{"embeddable":true,"href":"https:\/\/jahnke-systemtechnik.de\/index.php?rest_route=\/wp\/v2\/users\/1"}],"replies":[{"embeddable":true,"href":"https:\/\/jahnke-systemtechnik.de\/index.php?rest_route=%2Fwp%2Fv2%2Fcomments&post=43"}],"version-history":[{"count":5,"href":"https:\/\/jahnke-systemtechnik.de\/index.php?rest_route=\/wp\/v2\/pages\/43\/revisions"}],"predecessor-version":[{"id":177,"href":"https:\/\/jahnke-systemtechnik.de\/index.php?rest_route=\/wp\/v2\/pages\/43\/revisions\/177"}],"wp:attachment":[{"href":"https:\/\/jahnke-systemtechnik.de\/index.php?rest_route=%2Fwp%2Fv2%2Fmedia&parent=43"}],"curies":[{"name":"wp","href":"https:\/\/api.w.org\/{rel}","templated":true}]}}