{"id":31,"date":"2015-09-10T10:58:39","date_gmt":"2015-09-10T10:58:39","guid":{"rendered":"http:\/\/wordpress.jahnke-systemtechnik.de\/?page_id=31"},"modified":"2020-05-29T17:55:40","modified_gmt":"2020-05-29T15:55:40","slug":"it-verstehen","status":"publish","type":"page","link":"https:\/\/jahnke-systemtechnik.de\/","title":{"rendered":"IT-verstehen"},"content":{"rendered":"<h2>Ingenieurleistungen rund um Ihre EDV<\/h2>\n<p>Dieses Thema ist f\u00fcr uns Berufung geworden.<\/p>\n<p>Jahnke Systemtechnik arbeitet seit mehr als 20 Jahren im Bereich der administrativen Netzwerkbetreuung f\u00fcr kleine und mittlere Betriebe.<\/p>\n<p>Und was kann ich f\u00fcr Ihr Unternehmen tun!<\/p>\n<p><a href=\"https:\/\/jahnke-systemtechnik.de\/wp-content\/uploads\/2015\/09\/Pass_466_SW-e1441883353252.jpg\"><img decoding=\"async\" loading=\"lazy\" class=\"alignnone wp-image-32 size-medium\" src=\"https:\/\/jahnke-systemtechnik.de\/wp-content\/uploads\/2015\/09\/Pass_466_SW-208x300.jpg\" alt=\"\" width=\"208\" height=\"300\"><\/a><\/p>\n<p>Dipl.-Ing. Ralf Jahnke<\/p>\n<p>&nbsp;<\/p>\n<p><sup><em>Um unsere Webseite f\u00fcr Sie optimal zu gestalten und fortlaufend verbessern zu k\u00f6nnen, verwenden wir Cookies. Durch die weitere Nutzung der Webseite stimmen Sie der Verwendung von Cookies zu. <\/em><\/sup><em><sup>Weitere Informationen zu Cookies erhalten Sie in unserer <\/sup><a href=\"https:\/\/jahnke-systemtechnik.de\/?page_id=113\"><sup>Datenschutzerkl\u00e4rung<\/sup><\/a><\/em><\/p>\n","protected":false},"excerpt":{"rendered":"<p>Ingenieurleistungen rund um Ihre EDV Dieses Thema ist f\u00fcr uns Berufung geworden. Jahnke Systemtechnik arbeitet seit mehr als 20 Jahren im Bereich der administrativen Netzwerkbetreuung f\u00fcr kleine und mittlere Betriebe. Und was kann ich f\u00fcr Ihr Unternehmen tun! Dipl.-Ing. Ralf Jahnke &nbsp; Um unsere Webseite f\u00fcr Sie optimal zu gestalten und fortlaufend verbessern zu k\u00f6nnen, [&hellip;]<\/p>\n","protected":false},"author":1,"featured_media":0,"parent":0,"menu_order":0,"comment_status":"closed","ping_status":"closed","template":"","meta":[],"_links":{"self":[{"href":"https:\/\/jahnke-systemtechnik.de\/index.php?rest_route=\/wp\/v2\/pages\/31"}],"collection":[{"href":"https:\/\/jahnke-systemtechnik.de\/index.php?rest_route=\/wp\/v2\/pages"}],"about":[{"href":"https:\/\/jahnke-systemtechnik.de\/index.php?rest_route=\/wp\/v2\/types\/page"}],"author":[{"embeddable":true,"href":"https:\/\/jahnke-systemtechnik.de\/index.php?rest_route=\/wp\/v2\/users\/1"}],"replies":[{"embeddable":true,"href":"https:\/\/jahnke-systemtechnik.de\/index.php?rest_route=%2Fwp%2Fv2%2Fcomments&post=31"}],"version-history":[{"count":10,"href":"https:\/\/jahnke-systemtechnik.de\/index.php?rest_route=\/wp\/v2\/pages\/31\/revisions"}],"predecessor-version":[{"id":143,"href":"https:\/\/jahnke-systemtechnik.de\/index.php?rest_route=\/wp\/v2\/pages\/31\/revisions\/143"}],"wp:attachment":[{"href":"https:\/\/jahnke-systemtechnik.de\/index.php?rest_route=%2Fwp%2Fv2%2Fmedia&parent=31"}],"curies":[{"name":"wp","href":"https:\/\/api.w.org\/{rel}","templated":true}]}}