{"id":28,"date":"2015-09-10T10:49:26","date_gmt":"2015-09-10T10:49:26","guid":{"rendered":"http:\/\/wordpress.jahnke-systemtechnik.de\/?page_id=28"},"modified":"2024-11-14T13:17:58","modified_gmt":"2024-11-14T11:17:58","slug":"kompetenz-seit-1996","status":"publish","type":"page","link":"https:\/\/jahnke-systemtechnik.de\/?page_id=28","title":{"rendered":"Kompetenz seit 1996"},"content":{"rendered":"<p>Jahnke Systemtechnik wurde im M\u00e4rz 1996 gegr\u00fcndet und besch\u00e4ftigt sich in erster Linie mit der Betreuung kleiner und mittlerer Unternehmen im IT-Umfeld.<\/p>\n<p>Hierzu z\u00e4hlt die ganzheitliche Beratung, Konzeptentwicklung und die Installation von EDV- und Netzwerk-Komponenten sowie die Betreuung nach der Installation. Aber auch die Projektbegleitung bei Software-Einf\u00fchrungen und -Umstellungen z\u00e4hlt zu den Schwerpunkten. Auf Wunsch stellen wir einen externer Administrator f\u00fcr das Unternehmensnetz des Kunden.<\/p>\n<p>Im Bereich Web-Design beraten und betreuen wir Kunden hinsichtlich ihres Auftritts im Internet. Von dem grafischen Entwurf \u00fcber die Programmierung bis hin zur fertigen datenbankgest\u00fctzten Unternehmenspr\u00e4sentation wird alles aus einer Hand geliefert.<\/p>\n<p>Seit 1996 steht Jahnke Systemtechnik f\u00fcr professionelle Qualit\u00e4t in Sachen IT-Kommunikation und EDV-Betreuung.<\/p>\n","protected":false},"excerpt":{"rendered":"<p>Jahnke Systemtechnik wurde im M\u00e4rz 1996 gegr\u00fcndet und besch\u00e4ftigt sich in erster Linie mit der Betreuung kleiner und mittlerer Unternehmen im IT-Umfeld. Hierzu z\u00e4hlt die ganzheitliche Beratung, Konzeptentwicklung und die Installation von EDV- und Netzwerk-Komponenten sowie die Betreuung nach der Installation. Aber auch die Projektbegleitung bei Software-Einf\u00fchrungen und -Umstellungen z\u00e4hlt zu den Schwerpunkten. Auf Wunsch [&hellip;]<\/p>\n","protected":false},"author":1,"featured_media":0,"parent":0,"menu_order":0,"comment_status":"closed","ping_status":"closed","template":"","meta":[],"_links":{"self":[{"href":"https:\/\/jahnke-systemtechnik.de\/index.php?rest_route=\/wp\/v2\/pages\/28"}],"collection":[{"href":"https:\/\/jahnke-systemtechnik.de\/index.php?rest_route=\/wp\/v2\/pages"}],"about":[{"href":"https:\/\/jahnke-systemtechnik.de\/index.php?rest_route=\/wp\/v2\/types\/page"}],"author":[{"embeddable":true,"href":"https:\/\/jahnke-systemtechnik.de\/index.php?rest_route=\/wp\/v2\/users\/1"}],"replies":[{"embeddable":true,"href":"https:\/\/jahnke-systemtechnik.de\/index.php?rest_route=%2Fwp%2Fv2%2Fcomments&post=28"}],"version-history":[{"count":9,"href":"https:\/\/jahnke-systemtechnik.de\/index.php?rest_route=\/wp\/v2\/pages\/28\/revisions"}],"predecessor-version":[{"id":176,"href":"https:\/\/jahnke-systemtechnik.de\/index.php?rest_route=\/wp\/v2\/pages\/28\/revisions\/176"}],"wp:attachment":[{"href":"https:\/\/jahnke-systemtechnik.de\/index.php?rest_route=%2Fwp%2Fv2%2Fmedia&parent=28"}],"curies":[{"name":"wp","href":"https:\/\/api.w.org\/{rel}","templated":true}]}}